{"id":247,"date":"2015-09-01T14:45:03","date_gmt":"2015-09-01T14:45:03","guid":{"rendered":"http:\/\/benjo.bplaced.com\/wordpress\/?page_id=247"},"modified":"2024-09-18T13:23:15","modified_gmt":"2024-09-18T13:23:15","slug":"orchester","status":"publish","type":"page","link":"https:\/\/sonarkraft.com\/?page_id=247","title":{"rendered":"Orchester"},"content":{"rendered":"<p><span style=\"color: #808080;\"><em>Sonarkraft<\/em> \u2026<\/span><\/p>\n<p><span style=\"color: #808080;\">\u2026 ein Streichorchester, das seine Geschichte im Sommer 2014 begann. Bestehend aus<\/span> <span style=\"color: #808080;\">Musikern und Musikstudenten, die gr\u00f6\u00dftenteils aus Tirol stammen,&nbsp; m\u00f6chte sich das<\/span> <span style=\"color: #808080;\">Orchester durch kreative aber auch eigenwillige Programmkreationen und musikalische<\/span> <span style=\"color: #808080;\">Gaumenfreuden einen Platz in der Tiroler Kulturszene schaffen und sich gemeinsam der<\/span> <span style=\"color: #808080;\">Musik selten gespielter Streichorchesterwerke widmen. <em>Sonarkraft<\/em> bietet jungen<\/span> <span style=\"color: #808080;\">Tiroler Komponisten eine Plattform f\u00fcr ihre frischgebackenen Werke und macht sich mit<\/span> <span style=\"color: #808080;\">Spieltechniken und Interpretationen Neuer Musik vertraut. Von Anfang an war es Sonarkraft<\/span> <span style=\"color: #808080;\">ein Anliegen sich sozial zu engagieren, so konnten die Sonarkr\u00e4fte bereits stolze Betr\u00e4ge f\u00fcr<\/span> <span style=\"color: #808080;\">soziale musikalische Projekte erspielen oder bei Workshops f\u00fcr junge Musiker mitarbeiten.<\/span><\/p>\n<p style=\"text-align: left; padding-left: 330px;\"><span style=\"color: #808080;\"><em>Sonarkraft<\/em> ist neu, motiviert und vielsaitig!<\/span><\/p>\n<p><span style=\"color: #808080;\">&nbsp;<\/span><\/p>\n<p><a style=\"color: #808080;\" href=\"http:\/\/sonarkraft.com\/wp-content\/uploads\/Gruppenfoto_Farbe_small.jpg\"><img loading=\"lazy\" decoding=\"async\" class=\"wp-image-754 size-medium\" src=\"http:\/\/sonarkraft.com\/wp-content\/uploads\/Gruppenfoto_Farbe_small-800x532.jpg\" alt=\"\" width=\"800\" height=\"532\"><\/a><\/p>\n<p><span style=\"color: #808080;\"><em>Sonarkraft<\/em><\/span>&nbsp;<span style=\"color: #808080;\">musizierte bereits mit folgenden Musikern:<\/span><strong><span style=\"color: #808080;\"><br \/>\n<\/span><\/strong><\/p>\n<p><strong><span style=\"color: #808080;\">Violine:<\/span><\/strong><span style=\"color: #808080;\"> Makiko Abe, Vinzenz Bittner, Monika Bodner, Stephanie Brunner, Ivana Cetkovic, Karin Dorfmann, Annette Fritz, Sophia Gabrielli, Valerie Gahl, Benjamin Gatuzz,Theresa Giehl, Sophia Goidinger, Sibille Huber, Andreas Kaufmann, Mila Khaklova, Natalia Kubalcova, Lydia Kurz, Sarah Kurz, Johanna Mader, Bianca Milicevic, Karina N\u00f6bl, Angeliki Ongari, Lorena Padr\u00f3n Ortiz, Julia Pichler, Maria-Theresia Platter, Florian Rainer, Gwen Saw, Saw Win Maw, Regula Scherrer, Matthias Schiechtl, Magdalena Schmutzhard, Anna Theresa Sigmund, Sophie Trobos, Danai Tzina, Katja Vergeiner, Priska Vierthaler, Laura-Maria Waldauf, Stefanie Weixler, Sabine Wilhelmer<\/span><br \/>\n<strong><span style=\"color: #808080;\">Viola:<\/span><\/strong><span style=\"color: #808080;\"> Lukas Breuss, Lucia Dorfmann,<\/span>&nbsp;<span style=\"color: #808080;\">Raphaela H\u00f6gl, Marinus Kreidt, Thomas K\u00f6ll, Elisabeth Mair, Christian Marshall, Verena Mitteregger, Ya Ta Kler Saw, Andreas Trenkwalder, Magdalena Trobos<\/span><br \/>\n<strong><span style=\"color: #808080;\">Cello:<\/span><\/strong><span style=\"color: #808080;\"> Valerie Fritz, Laura Merth, Johanna Niederbacher, Christine Ransmayr, Sophia Ransmayr, Lucie Schwarze, Jakob Steiner, Cornelia Toifl, Klara Wetzel<\/span><br \/>\n<strong><span style=\"color: #808080;\">Kontrabass:<\/span><\/strong> <span style=\"color: #808080;\">Johannes Anker,<\/span> <span style=\"color: #808080;\">Sara Buschk\u00fchl,<\/span> <span style=\"color: #808080;\">Johannes Eder, Orazio Ferrari, Sarah Nygren, Joachim Pedarnig, Burgi Pichler, Brian Questa, Clemens Rofner, Luca Sberveglieri, Anna Volderauer, Lisa Weiss<\/span><br \/>\n<strong><span style=\"color: #808080;\">Fl\u00f6te:<\/span><\/strong> <span style=\"color: #808080;\">Mirjam Braun,<\/span> <span style=\"color: #808080;\">Theresa Wildt<\/span><br \/>\n<strong><span style=\"color: #808080;\">Oboe:<\/span><\/strong> <span style=\"color: #808080;\">Maria J\u00f6chl, Kathrin Schennach, Stephanie Treichl<\/span><br \/>\n<strong><span style=\"color: #808080;\">Klarinette:<\/span><\/strong>&nbsp;<span style=\"color: #808080;\">Thomas Jehle, Michael Stark, Wolfgang Unterkircher<\/span><br \/>\n<strong><span style=\"color: #808080;\">Fagott:<\/span><\/strong> <span style=\"color: #808080;\">Robert Gonzales, <\/span><span style=\"color: #808080;\">Verena K\u00f6ck<\/span><br \/>\n<strong><span style=\"color: #808080;\">Horn:<\/span><\/strong> <span style=\"color: #808080;\">Armin Graber, Viktor Praxmarer, Franziska Theis<\/span><br \/>\n<strong><span style=\"color: #808080;\">Trompete:<\/span><\/strong> <span style=\"color: #808080;\">Reinhard Bodner, Veronika Seidl-K\u00f6nig<\/span><br \/>\n<strong><span style=\"color: #808080;\">Posaune:<\/span><\/strong> <span style=\"color: #808080;\">Astrid Bittner, Daniel Neuschmid, Georg Pranger<\/span><br \/>\n<strong><span style=\"color: #808080;\">Schlagwerk:<\/span><\/strong><span style=\"color: #808080;\"> Florian Baumgartner, Philipp Huber, Andreas H\u00f6llrigl, Stefan Juen, Fabian Kluckner, Christian Unsinn<\/span><br \/>\n<strong><span style=\"color: #808080;\">Klavier:<\/span><\/strong> <span style=\"color: #808080;\">Josef Haller, Theresa H\u00f6gl, Nina Milborn<\/span><br \/>\n<strong><span style=\"color: #808080;\">Harfe: <\/span><\/strong><span style=\"color: #808080;\">Olivia Neuhauser<\/span><br \/>\n<strong><span style=\"color: #808080;\">Orgel:<\/span><\/strong> <span style=\"color: #808080;\">Fr. Martin Anderl, Andreas Haller,&nbsp;Yuchi Lin<br \/>\n<\/span><\/p>\n<p><strong><span style=\"color: #808080;\">Chor Sonarkraft:<br \/>\nSopran: <\/span><\/strong><span style=\"color: #808080;\">Vera Gr\u00fcner, Barbara March, Stefanie Steger<\/span><strong><span style=\"color: #808080;\"><br \/>\nAlt:<\/span><\/strong> <span style=\"color: #808080;\">Kerstin Gieber, Rosmarie Reitmeir, Eva Sch\u00f6ler<br \/>\n<\/span><strong><span style=\"color: #808080;\">Tenor: <\/span><\/strong><span style=\"color: #808080;\">Clemens Dietrich, Thomas Mit<\/span><span style=\"color: #808080;\">teregger, Thomas Zangerl<\/span><strong><span style=\"color: #808080;\"><br \/>\nBass:<\/span><\/strong><span style=\"color: #808080;\"> Clemens K\u00f6lbl, Thomas Lungenschmid, Andreas W\u00fcrthenberger<\/span> <strong><span style=\"color: #808080;\"><br \/>\n<\/span><\/strong><\/p>\n<p><strong><span style=\"color: #808080;\">Dirigent<\/span><\/strong><strong><span style=\"color: #808080;\">:<\/span><\/strong> <span style=\"color: #808080;\">Benedikt Melichar<\/span><\/p>\n<p><strong><span style=\"color: #808080;\">Solisten:<\/span><\/strong><span style=\"color: #808080;\"> Florian Baumgartner (Drums), Florian Benfer (Orgel), Johannes Chum (Tenor), Anastasia Dhimitri (Violine), Clemens Dietrich (Tenor), Lukas Gruber (Fagott), Barbara H\u00f6lzl (Alt), Elisabeth Juen (Klarinette), David Kerber (Tenor), Clemens K\u00f6lbl (Bass), Monika Mauch (Sopran), Brynne McLeod (Mezzosopran), Olivia Neuhauser (Harfe), Wilfried Rogl (Tenor), Saw Win Ma (Violine), Vera Schoenenberg (Sopran), Eva Sch\u00f6ler (Mezzosopran),&nbsp;Johannes Sigl (E-Bass), Anna Theresa Sigmund (Violine), Mira Spengler (Violine), Stefanie Steger (Sopran), Thomas Steinbrucker (Trompete), Robert S\u00f6lkner (Piano), Annina Wachter (Sopran), Dominik W\u00f6rner (Bass), Herfinn \u00c1rnafjall (Bariton),<\/span><\/p>\n<p><strong><span style=\"color: #808080;\">Ch\u00f6re:<\/span><\/strong> <span style=\"color: #808080;\">InnStimmen<\/span>, <span style=\"color: #808080;\">Collegium Vocale<\/span><br \/>\n<strong><span style=\"color: #808080;\">Gastdirigenten: <\/span><\/strong><span style=\"color: #808080;\">Jan Golubkow, Bernhard Sieberer, Ya-Wen Yang<br \/>\n<\/span><\/p>\n<p><span style=\"color: #808080;\">Zusammenarbeit mit Komponisten: <\/span><span style=\"color: #808080;\">Josef Haller, Elias Praxmarer, Robert S\u00f6lkner, Andreas Trenkwalder, Manuel Zwerger<\/span><\/p>\n<hr>\n","protected":false},"excerpt":{"rendered":"<p>Sonarkraft \u2026 \u2026 ein Streichorchester, das seine Geschichte im Sommer 2014 begann. Bestehend aus Musikern und Musikstudenten, die gr\u00f6\u00dftenteils aus Tirol stammen,&nbsp; m\u00f6chte sich das Orchester durch kreative aber auch eigenwillige Programmkreationen und musikalische Gaumenfreuden einen Platz in der Tiroler Kulturszene schaffen und sich gemeinsam der Musik selten gespielter Streichorchesterwerke widmen. Sonarkraft bietet jungen Tiroler [&hellip;]<\/p>\n","protected":false},"author":1,"featured_media":0,"parent":15,"menu_order":0,"comment_status":"closed","ping_status":"closed","template":"","meta":{"ngg_post_thumbnail":0,"footnotes":""},"class_list":["post-247","page","type-page","status-publish","hentry"],"aioseo_notices":[],"_links":{"self":[{"href":"https:\/\/sonarkraft.com\/index.php?rest_route=\/wp\/v2\/pages\/247"}],"collection":[{"href":"https:\/\/sonarkraft.com\/index.php?rest_route=\/wp\/v2\/pages"}],"about":[{"href":"https:\/\/sonarkraft.com\/index.php?rest_route=\/wp\/v2\/types\/page"}],"author":[{"embeddable":true,"href":"https:\/\/sonarkraft.com\/index.php?rest_route=\/wp\/v2\/users\/1"}],"replies":[{"embeddable":true,"href":"https:\/\/sonarkraft.com\/index.php?rest_route=%2Fwp%2Fv2%2Fcomments&post=247"}],"version-history":[{"count":51,"href":"https:\/\/sonarkraft.com\/index.php?rest_route=\/wp\/v2\/pages\/247\/revisions"}],"predecessor-version":[{"id":131033,"href":"https:\/\/sonarkraft.com\/index.php?rest_route=\/wp\/v2\/pages\/247\/revisions\/131033"}],"up":[{"embeddable":true,"href":"https:\/\/sonarkraft.com\/index.php?rest_route=\/wp\/v2\/pages\/15"}],"wp:attachment":[{"href":"https:\/\/sonarkraft.com\/index.php?rest_route=%2Fwp%2Fv2%2Fmedia&parent=247"}],"curies":[{"name":"wp","href":"https:\/\/api.w.org\/{rel}","templated":true}]}}