{"id":130819,"date":"2022-10-18T21:33:52","date_gmt":"2022-10-18T21:33:52","guid":{"rendered":"https:\/\/sonarkraft.com\/?page_id=130819"},"modified":"2022-12-15T20:26:46","modified_gmt":"2022-12-15T20:26:46","slug":"cd-ruminative","status":"publish","type":"page","link":"https:\/\/sonarkraft.com\/?page_id=130819","title":{"rendered":"CD Ruminative"},"content":{"rendered":"\n<figure class=\"wp-block-image aligncenter size-full is-resized\"><img loading=\"lazy\" decoding=\"async\" src=\"https:\/\/sonarkraft.com\/wp-content\/uploads\/Cd_final-2.jpg\" alt=\"\" class=\"wp-image-130846\" width=\"275\" height=\"275\" srcset=\"https:\/\/sonarkraft.com\/wp-content\/uploads\/Cd_final-2.jpg 397w, https:\/\/sonarkraft.com\/wp-content\/uploads\/Cd_final-2-150x150.jpg 150w\" sizes=\"(max-width: 275px) 100vw, 275px\" \/><\/figure>\n\n\n\n<p class=\"has-black-color has-text-color\"><strong>1 Division and Unity I Robert S\u00f6lkner<\/strong><br><br>Der Titel des St\u00fccks bezieht sich auf die unterschiedlichen Metren zwischen dem Schlagzeug und dem Ensemble, welche sich nach gewissen Zeitabst\u00e4nden wieder vereinigen.<br>Division and Unity wurde urspr\u00fcnglich 2017 f\u00fcr eine Bluesband komponiert, jedoch stellte sich heraus, dass das St\u00fcck aufgrund seiner Komplexit\u00e4t f\u00fcr dieses Format nicht geeignet war. Erstmalig aufgef\u00fchrt wurde es schlie\u00dflich 2021 durch das Paul Pichler Jazztrio der Landesmusikschule Sistrans, welches damit beim Bundeswettbewerb des Podiums jazz.pop.rock den ersten Preis erzielte. Im Auftrag von Sonarkraft erweiterte Robert S\u00f6lkner<br>das St\u00fcck und arrangierte es f\u00fcr Streichorchester und Jazztrio.<\/p>\n\n\n\n<p class=\"has-black-color has-text-color\"><strong>Very personal Suite I Andreas Trenkwalder<\/strong><br><strong>2<\/strong> ruminative<br><strong>3 <\/strong>waiting for<br><strong>4 <\/strong>trust<br><strong>5 <\/strong>hungover<br><br>Andreas Trenkwalder erz\u00e4hlt in seiner Lieblingssprache \u2013 der Musik &#8211; Ausz\u00fcge aus seinem Tagebuch. Drei scheinbar gegens\u00e4tzliche musikalische Richtungen \u2013 Streichorchester, Jazz,<br>Elektronik &#8211; begegnen und verbinden sich zu einer neuen Klangsprache, die pers\u00f6nlicher nicht sein k\u00f6nnte. Very personal ist eine Sammlung an kleinen, losen oder zusammenh\u00e4ngenden Musikst\u00fccken, die Andreas im Laufe des Jahres 2017 beim Erleben bestimmter Situationen &#8220;geh\u00f6rt&#8221; hat. Diese Musik versucht weder intellektuell, konstruiert, politisch, subversiv, bewusst, neutral,  metaphysisch, objektiv oder reflektiert zu sein.  Diese Musik ist einfach. Diese Musik ist subjektiv. Diese Musik ist ohne Anspruch durchdacht zu sein.  Diese Musik ist &#8220;straight from the heart&#8221;.<\/p>\n\n\n\n<p class=\"has-black-color has-text-color\"><strong>6 Suite f\u00fcr Jazztrio und Streichorchester I Robert S\u00f6lkner<\/strong><br>Die Suite von Robert S\u00f6lkner ist eine Hommage an mehrere Ikonen der Jazzgeschichte. Diese sind, wie in den Satzbezeichnungen angegeben: Esbj\u00f6rn Svensson, Duke Ellington, George Gershwin und Dave Brubeck. Verschiedene Aspekte im Schaffen dieser gro\u00dfartigen Komponisten, die den Jazz nachhaltig ver\u00e4ndert haben, wurden in dem Werk verarbeitet. Die Harmonik des ersten Satzes ist typisch f\u00fcr moderne Jazzpianisten, welche durch Esbj\u00f6rn Svensson mitgepr\u00e4gt wurde, w\u00e4hrend der zweite Satz &#8211; eine Jazzballade &#8211; an Duke Ellington erinnert. Der dritte, obwohl kontr\u00e4r im Rhythmus, enth\u00e4lt Zitate aus Gershwins \u201eRhapsody in<br>Blue\u201c, w\u00e4hrend der Stil des vierten Satzes auf einen Pianisten im Jazz zur\u00fcckgeht, der als erster mit ungeraden Takten h\u00f6chst erfolgreich experimentierte &#8211; Dave Brubeck.<\/p>\n\n\n\n<p class=\"has-black-color has-text-color\"><strong>Die Komponisten<\/strong><br><strong>Robert S\u00f6lkner<\/strong> studierte Klavier am Tiroler Landeskonservatorium und Jazzklavier u.a. an der Bruckner Universit\u00e4t in Linz und an der New School in New York. Der geb\u00fcrtige Steirer lebt als freischaffender Musiker und Instrumentalp\u00e4dagoge in Tirol und war 2014 f\u00fcr den Jazzpreis der Stadt Innsbruck nominiert.<br>www.robsoelkner.at<\/p>\n\n\n\n<p class=\"has-black-color has-text-color\"><strong>Andreas Trenkwalder<\/strong> studierte Instrumentalp\u00e4dagogik (Violine, Viola, Jazz) bei Mirjam Tschopp und Christos Kanettis am Tiroler Landeskonservatorium und Mozarteum Salzburg und Komposition bei Franz Baur am TLK.<br>Zurzeit studiert er Computermusik bei Marko Ciciliani und Gerhard Eckel an der Universit\u00e4t f\u00fcr Musik und darstellende Kunst Graz. Er ist Preistr\u00e4ger des Hilde Zach F\u00f6rderstipendiums f\u00fcr Komposition 2017.<\/p>\n\n\n\n<p class=\"has-black-color has-text-color\"><strong>Die MusikerInnen<\/strong><br>Orchester Sonarkraft<br>Violinen: Valerie Gahl, Leah Huber, Lydia Kurz, Sarah Kurz, Martina Nisancic, Theresa Singer,<br>Sophie Trobos, Denis Vasylynets, Saw Win Maw<br>Bratschen: Cynthia Diaz, Marinus Kreidt, Ever Rolando Cruz Rodr\u00edgues<br>Celli: Valerie Fritz, Johanna Niederbacher, Rahel Rupprechter, Klara Wetzel<br>Kontrabass: Burgi Pichler<br>RobS\u00f6lkner Trio<br>Piano: Robert S\u00f6lkner<br>Bass: Johannes Sigl<br>Drums: Flo Baumgartner<br>Musikalische Leitung: Benedikt Melichar<br>Aufnahme und Bearbeitung: Michael Reisigl<\/p>\n\n\n\n<p class=\"has-black-color has-text-color\">Vielen Dank an alle f\u00fcr die Zusammenarbeit und Mithilfe bei der Verwirklichung unseres CD Projektes!<br>F\u00fcr Bestellung einer CD: Mail an <strong>sonarkraft@gmail.com<\/strong><\/p>\n","protected":false},"excerpt":{"rendered":"<p>1 Division and Unity I Robert S\u00f6lkner Der Titel des St\u00fccks bezieht sich auf die unterschiedlichen Metren zwischen dem Schlagzeug und dem Ensemble, welche sich nach gewissen Zeitabst\u00e4nden wieder vereinigen.Division and Unity wurde urspr\u00fcnglich 2017 f\u00fcr eine Bluesband komponiert, jedoch stellte sich heraus, dass das St\u00fcck aufgrund seiner Komplexit\u00e4t f\u00fcr dieses Format nicht geeignet war. [&hellip;]<\/p>\n","protected":false},"author":1,"featured_media":0,"parent":17,"menu_order":4,"comment_status":"closed","ping_status":"closed","template":"templates\/full-page-template.php","meta":{"ngg_post_thumbnail":0,"footnotes":""},"class_list":["post-130819","page","type-page","status-publish","hentry"],"aioseo_notices":[],"_links":{"self":[{"href":"https:\/\/sonarkraft.com\/index.php?rest_route=\/wp\/v2\/pages\/130819"}],"collection":[{"href":"https:\/\/sonarkraft.com\/index.php?rest_route=\/wp\/v2\/pages"}],"about":[{"href":"https:\/\/sonarkraft.com\/index.php?rest_route=\/wp\/v2\/types\/page"}],"author":[{"embeddable":true,"href":"https:\/\/sonarkraft.com\/index.php?rest_route=\/wp\/v2\/users\/1"}],"replies":[{"embeddable":true,"href":"https:\/\/sonarkraft.com\/index.php?rest_route=%2Fwp%2Fv2%2Fcomments&post=130819"}],"version-history":[{"count":6,"href":"https:\/\/sonarkraft.com\/index.php?rest_route=\/wp\/v2\/pages\/130819\/revisions"}],"predecessor-version":[{"id":130885,"href":"https:\/\/sonarkraft.com\/index.php?rest_route=\/wp\/v2\/pages\/130819\/revisions\/130885"}],"up":[{"embeddable":true,"href":"https:\/\/sonarkraft.com\/index.php?rest_route=\/wp\/v2\/pages\/17"}],"wp:attachment":[{"href":"https:\/\/sonarkraft.com\/index.php?rest_route=%2Fwp%2Fv2%2Fmedia&parent=130819"}],"curies":[{"name":"wp","href":"https:\/\/api.w.org\/{rel}","templated":true}]}}